{"id":63,"date":"2023-11-13T05:52:57","date_gmt":"2023-11-13T05:52:57","guid":{"rendered":"https:\/\/purecab.com\/?page_id=63"},"modified":"2026-03-03T03:09:33","modified_gmt":"2026-03-03T03:09:33","slug":"about-us","status":"publish","type":"page","link":"https:\/\/purecab.com\/fr\/about-us","title":{"rendered":"\u00c0 propos de nous"},"content":{"rendered":"<h1>\n\t\t\t\u00c0 propos de nous\t<\/h1>\n\t\t\t\t\t<a href=\"\"><img decoding=\"async\" src=\"https:\/\/i.vimeocdn.com\/portrait\/99061599_300x300?subrect=175%2C150%2C2703%2C2678&#038;r=cover&#038;sig=2c92200bbff9073e19811f6a8d8c77f7cbe5db3b9bdbbea908d416857e032ad8&#038;v=1&#038;region=us\"\/><\/a>\n\t\t\t\t\t\t\t<a href=\"\">Purecab &#8211; Trade show video<\/a>\n\t\t\t\t\t\t\tfrom  <a href=\"\">MotionByDesign<\/a>\n\t\t\t\t\t<img decoding=\"async\" src=\"https:\/\/purecab.com\/wp-content\/uploads\/2023\/12\/Purecab-Thumbnail.png\" alt=\"\"\/>\n\t\t\t\t<img decoding=\"async\" src=\"https:\/\/purecab.com\/wp-content\/uploads\/2023\/12\/Purecab-Filters.png\" alt=\"Purecab Filters\" itemprop=\"image\" title=\"Filtres Purecab\" onerror=\"this.style.display='none'\" loading=\"lazy\" \/>\n<h2>\n\t\t\tQui sont les Purecab\t<\/h2>\n\t<p>Depuis 1988, Purecab est le leader du march\u00e9 de la purification de l'air dans les cabines. Nous avons mis au point le processus de filtration au carbone le plus efficace pour nos filtres \u00e0 air de cabine de tracteur.<\/p>\n<p>&nbsp;<\/p>\n<p>Nous prot\u00e9geons les agriculteurs en Australie, en Nouvelle-Z\u00e9lande, en Am\u00e9rique du Nord, au Royaume-Uni et en Europe, et nous avons \u00e9galement des clients actifs dans le monde entier. Purecab s'est forg\u00e9 une r\u00e9putation de marque de r\u00e9f\u00e9rence en mati\u00e8re de filtration de l'air de cabine. Nos clients sont des agriculteurs, des concessionnaires de tracteurs et des \u00e9quipes d'entretien m\u00e9canique, dont beaucoup nous font confiance depuis des d\u00e9cennies. Notre vaste gamme de 1 400 filtres \u00e0 air d'habitacle convient \u00e0 des marques telles que John Deere, New Holland, Fendt, Kubota, Class, Case et bien d'autres encore.<\/p>\n<p>&nbsp;<\/p>\n<p>L'\u00e9quipe de Purecab travaille en permanence \u00e0 l'am\u00e9lioration de ses normes et de ses processus, dans le but de fournir des produits de la plus haute qualit\u00e9 et un service efficace.<\/p>\n<h2>\n\t\t\t\ud83d\udd0d Filtrer la recherche\t<\/h2>\n\t\t\t<a href=\"\/fr\/tractor-brands\/\" target=\"_self\">\n\t\t\t\t\t\t\tTrouver mon filtre Purecab\n\t\t\t\t\t<\/a>\n<h3>\n\t\t\tConception et fabrication\t<\/h3>\n\t<p>Nous concevons, testons et produisons plus de 1 400 filtres de cabine adapt\u00e9s \u00e0 la plupart des tracteurs des march\u00e9s de l'agriculture, de la construction et de la sylviculture.<\/p>\n<p>&nbsp;<\/p>\n<p>Nos filtres \u00e0 charbon utilisent le charbon actif ADXORB\u00ae qui a \u00e9t\u00e9 sp\u00e9cialement formul\u00e9 et s'est av\u00e9r\u00e9 \u00eatre le plus efficace disponible.<\/p>\n<p>&nbsp;<\/p>\n<p>Il est important de noter que les filtres Purecab sont r\u00e9utilisables. Une fois utilis\u00e9s, vous pouvez renvoyer vos filtres \u00e0 nos bureaux et notre \u00e9quipe exp\u00e9riment\u00e9e effectuera un service de reconditionnement complet. Nous pouvons \u00e9galement fournir un Recharge Kit permettant aux agriculteurs d'entretenir leurs propres filtres Purecab.<\/p>\n<p>&nbsp;<\/p>\n<p>Depuis plus de 30 ans, nous concevons et soutenons les agriculteurs du monde entier avec nos filtres de cabine, et nous d\u00e9veloppons de nouveaux filtres au fur et \u00e0 mesure du lancement des mod\u00e8les de tracteurs. En utilisant des mat\u00e9riaux de fabrication uniques et modernes, nous avons d\u00e9velopp\u00e9 des filtres de cabine de toutes formes et tailles, ronds, rectangulaires et courb\u00e9s, afin d'assurer une adaptation parfaite \u00e0 votre bo\u00eetier de cabine OEM. Les filtres Purecab sont dot\u00e9s d'une fen\u00eatre \u00e0 billes indicatrices qui permet d'\u00e9valuer facilement l'\u00e9tat du charbon actif \u00e0 l'int\u00e9rieur du filtre. Les filtres sont ensuite scell\u00e9s sous vide pour garantir leur fra\u00eecheur et emball\u00e9s de mani\u00e8re s\u00e9curis\u00e9e pour la livraison.<\/p>\n\t\t\t\t<img decoding=\"async\" src=\"https:\/\/purecab.com\/wp-content\/uploads\/2023\/11\/014de-scaled.jpg\" alt=\"Right,Side,Close-up,Of,A,Worker,Holding,A,Metal,Plate\" itemprop=\"image\" height=\"908\" width=\"2560\" title=\"C\u00f4t\u00e9 droit, gros plan d&#039;un travailleur tenant une plaque de m\u00e9tal.\" onerror=\"this.style.display='none'\" loading=\"lazy\" \/>","protected":false},"excerpt":{"rendered":"<p>About Us Purecab &#8211; Trade show video from MotionByDesign Who are Purecab Since 1988 Purecab has been the market leader for providing clean cabin air. We have developed the most effective carbon filtration process within our tractor cabin air filters. &nbsp; We protect farmers across Australia, New Zealand, North America, UK, Europe and we also&hellip;<\/p>","protected":false},"author":1,"featured_media":0,"parent":0,"menu_order":0,"comment_status":"closed","ping_status":"closed","template":"","meta":{"_acf_changed":false,"_exactmetrics_skip_tracking":false,"_exactmetrics_sitenote_active":false,"_exactmetrics_sitenote_note":"","_exactmetrics_sitenote_category":0,"footnotes":""},"class_list":["post-63","page","type-page","status-publish","hentry"],"acf":[],"_links":{"self":[{"href":"https:\/\/purecab.com\/fr\/wp-json\/wp\/v2\/pages\/63","targetHints":{"allow":["GET"]}}],"collection":[{"href":"https:\/\/purecab.com\/fr\/wp-json\/wp\/v2\/pages"}],"about":[{"href":"https:\/\/purecab.com\/fr\/wp-json\/wp\/v2\/types\/page"}],"author":[{"embeddable":true,"href":"https:\/\/purecab.com\/fr\/wp-json\/wp\/v2\/users\/1"}],"replies":[{"embeddable":true,"href":"https:\/\/purecab.com\/fr\/wp-json\/wp\/v2\/comments?post=63"}],"version-history":[{"count":3,"href":"https:\/\/purecab.com\/fr\/wp-json\/wp\/v2\/pages\/63\/revisions"}],"predecessor-version":[{"id":50678,"href":"https:\/\/purecab.com\/fr\/wp-json\/wp\/v2\/pages\/63\/revisions\/50678"}],"wp:attachment":[{"href":"https:\/\/purecab.com\/fr\/wp-json\/wp\/v2\/media?parent=63"}],"curies":[{"name":"wp","href":"https:\/\/api.w.org\/{rel}","templated":true}]}}