{"id":123,"date":"2023-11-13T07:53:48","date_gmt":"2023-11-13T07:53:48","guid":{"rendered":"https:\/\/purecab.com\/?page_id=123"},"modified":"2025-12-18T04:10:58","modified_gmt":"2025-12-18T04:10:58","slug":"why-purecab-filters","status":"publish","type":"page","link":"https:\/\/purecab.com\/fr\/why-purecab-filters","title":{"rendered":"Pourquoi les filtres Purecab"},"content":{"rendered":"<h1>\n\t\t\tPourquoi les filtres Purecab\t<\/h1>\n<h2>\n\t\t\tdes filtres plus s\u00fbrs\t<\/h2>\n\t<p>Les filtres Purecab sont les seuls filtres \u00e0 charbon qui satisfont aux normes industrielles EN15695-2 et ASABE S613-3 lors de tests ind\u00e9pendants r\u00e9cents. Nos filtres \u00e0 charbon actif ADXORB\u00ae \u00e9liminent efficacement jusqu'\u00e0 11 fois plus de produits chimiques que leurs concurrents.<\/p>\n<p>&nbsp;<\/p>\n<p>Les filtres Purecab peuvent \u00eatre renvoy\u00e9s pour un reconditionnement rapide. Votre filtre est inspect\u00e9 et le charbon, les tampons anti-poussi\u00e8re, les joints et l'emballage sont remplac\u00e9s, puis le filtre vous est renvoy\u00e9 pour \u00eatre r\u00e9utilis\u00e9. Nous proposons \u00e9galement des filtres Recharge Kit, qui permettent aux agriculteurs de reconditionner leurs propres filtres Purecab. Ce processus permet d'\u00e9conomiser jusqu'\u00e0 50% par rapport au co\u00fbt d'achat d'un nouveau filtre \u00e0 charbon.<\/p>\n<p>&nbsp;<\/p>\n<p>Depuis plus de 35 ans, nous concevons et soutenons les agriculteurs du monde entier avec nos filtres de cabine, et nous d\u00e9veloppons de nouveaux filtres au fur et \u00e0 mesure du lancement des mod\u00e8les de tracteurs. En utilisant des mat\u00e9riaux de fabrication uniques et modernes, nous avons d\u00e9velopp\u00e9 des filtres de cabine de toutes formes et tailles, qu'ils soient ronds, rectangulaires ou courb\u00e9s, afin de garantir une adaptation parfaite \u00e0 votre bo\u00eetier de cabine OEM.<\/p>\n<p>&nbsp;<\/p>\n<p>Les filtres Purecab sont dot\u00e9s d'une fen\u00eatre de sant\u00e9 du filtre qui fournit un guide facile sur la sant\u00e9 du charbon actif \u00e0 l'int\u00e9rieur du filtre.<\/p>\n<p>&nbsp;<\/p>\n<p>Filters are supplied vacuum sealed for freshness, with a sticker included to place on your cabin window which lists the filter&#8217;s recommended replacement date.<\/p>\n<p>&nbsp;<\/p>\n<p>Purecab&#8217;s long serving team are committed to leading the industry worldwide in tractor cabin air safety.<\/p>\n\t\t\t<a href=\"\/fr\/filter-search\/\" target=\"_self\">\n\t\t\t\t\t\t\tTrouver mon filtre Purecab\n\t\t\t\t\t<\/a>\n\t\t\t\t<img decoding=\"async\" src=\"https:\/\/purecab.com\/wp-content\/uploads\/2023\/11\/59127-scaled.jpg\" alt=\"Tractor,Sprays,Insecticide,In,Apple,Orchard\" itemprop=\"image\" height=\"1683\" width=\"2560\" title=\"Tracteur,pulv\u00e9rise,insecticide,dans,pommier,verger\" onerror=\"this.style.display='none'\" loading=\"lazy\" \/>\n\t\t\t\t<img decoding=\"async\" src=\"https:\/\/purecab.com\/wp-content\/uploads\/2025\/01\/cropped-Purecab-Favicon-New.png\" alt=\"https:\/\/purecab-staging-brandupdate.nyg1r0.ap-southeast-2.wpstaqhosting.com\/wp-content\/uploads\/2025\/01\/cropped-Purecab-Favicon-New.png\" itemprop=\"image\" height=\"512\" width=\"512\" title=\"cropped-Purecab-Favicon-New.png\" onerror=\"this.style.display='none'\" loading=\"lazy\" \/>\n<h2>\n\t\t\tIl a \u00e9t\u00e9 prouv\u00e9 qu'il adsorbait jusqu'\u00e0 <a>11X <\/a> plus de produits chimiques que les autres filtres d'habitacle :\t<\/h2>\n\t\t\t\t<img decoding=\"async\" src=\"https:\/\/purecab.com\/wp-content\/uploads\/2025\/09\/RED-ultrasafe-Graph-V2.png\" alt=\"RED-ultrasafe-Graph-V2\" itemprop=\"image\" height=\"600\" width=\"1080\" title=\"RED-ultrasafe-Graph-V2\" onerror=\"this.style.display='none'\" loading=\"lazy\" \/>\n\t<p>Test effectu\u00e9 en octobre 2022 par Assay Technologies LLC<\/p>\n<h3>\n\t\t\tPURECAB FAQ&#8217;S\t<\/h3>\n\t\t\t\t\t<a href=\"#\"  id=\"fl-accordion--label-0\" tabindex=\"0\" aria-controls=\"fl-accordion--panel-0\">Pourquoi ai-je besoin d'un filtre chimique Purecab ?<\/a>\n\t\t\t\t\t\t\t\t\t\t\t<a href=\"#\" id=\"fl-accordion--icon-0\"  tabindex=\"0\"><i title=\"Collapse\">Collapse<\/i><\/a>\n\t\t\t\t\t<p>Les filtres \u00e0 poussi\u00e8re mont\u00e9s en usine sont uniquement con\u00e7us pour capturer la poussi\u00e8re. Les vapeurs chimiques p\u00e9n\u00e8trent toujours le filtre \u00e0 poussi\u00e8re, ce qui signifie que vous \u00eates expos\u00e9 \u00e0 des produits chimiques nocifs \u00e0 l'int\u00e9rieur de votre cabine. Pour garantir la protection \u00e0 l'int\u00e9rieur de votre cabine, seul un filtre \u00e0 charbon actif enti\u00e8rement conforme vous prot\u00e9gera. Les filtres chimiques Purecab sont conformes aux normes internationales et se placent facilement \u00e0 la place de votre filtre \u00e0 poussi\u00e8re.<\/p>\n\t\t\t\t\t<a href=\"#\"  id=\"fl-accordion--label-1\" tabindex=\"0\" aria-controls=\"fl-accordion--panel-1\">Comment fonctionne un filtre \u00e0 air d'habitacle Purecab ?<\/a>\n\t\t\t\t\t\t\t\t\t\t\t<a href=\"#\" id=\"fl-accordion--icon-1\"  tabindex=\"0\"><i title=\"Expand\">Expand<\/i><\/a>\n\t\t\t\t\t<p>Les filtres Purecab sont construits avec 3 barri\u00e8res de protection :<\/p>\n<ol>\n<li>Couche de tampons anti-poussi\u00e8re, qui retient les particules de poussi\u00e8re<\/li>\n<li>M\u00e9dia filtrant coll\u00e9 F7 grade 80% efficace \u00e0 4 microns pour pi\u00e9ger les a\u00e9rosols chimiques<\/li>\n<li>Un lit profond de charbon actif ADXORB\u00ae (la partie la plus importante), garantissant que toutes les vapeurs chimiques nocives qui p\u00e9n\u00e8trent dans le charbon sont adsorb\u00e9es, nettoyant l'air avant qu'il ne p\u00e9n\u00e8tre dans votre cabine.<\/li>\n<\/ol>\n<p>Les filtres Purecab sont fabriqu\u00e9s avec des joints externes de la plus haute qualit\u00e9 pour garantir que les produits chimiques ne passent qu'\u00e0 travers le charbon actif.<\/p>\n<p>D'un c\u00f4t\u00e9, les filtres Purecab sont dot\u00e9s d'une fen\u00eatre unique sur la sant\u00e9 du filtre qui donne une indication sur la dur\u00e9e de vie du filtre.<\/p>\n\t\t\t\t\t<a href=\"#\"  id=\"fl-accordion--label-2\" tabindex=\"0\" aria-controls=\"fl-accordion--panel-2\">Pourquoi un filtre Purecab est-il meilleur que les autres ?<\/a>\n\t\t\t\t\t\t\t\t\t\t\t<a href=\"#\" id=\"fl-accordion--icon-2\"  tabindex=\"0\"><i title=\"Expand\">Expand<\/i><\/a>\n\t\t\t\t\t<p>Purecab est fier d'utiliser le charbon actif ADXORB\u00ae dans tous ses filtres \u00e0 air au carbone. ADXORB\u00ae a \u00e9t\u00e9 test\u00e9 et s'est av\u00e9r\u00e9 nettement plus efficace que les autres options internationales de charbon actif disponibles. Nous concevons nos filtres Purecab de mani\u00e8re \u00e0 ce qu'ils contiennent une couche de granul\u00e9s de charbon actif qui est \u00e9troitement emball\u00e9e pour garantir que les produits chimiques sont captur\u00e9s lorsqu'ils p\u00e9n\u00e8trent dans le filtre.<\/p>\n<p>Independent lab testing has been performed on Purecab filters alongside other chemical filter brands. Testing was to the recognised industry standard ASABE S613-3 for tractor chemical cabins, where effective filtration performance to protect the operator&#8217;s health is critical.<\/p>\n<p>Les filtres Purecab ont d\u00e9pass\u00e9 la norme am\u00e9ricaine ASABE S-613-3 et ont \u00e9t\u00e9 les seuls \u00e0 passer. Les filtres Purecab sont \u00e9galement conformes \u00e0 la norme EN15695-2 pour les filtres \u00e0 air des cabines de tracteurs agricoles et de pulv\u00e9risateurs automoteurs.<\/p>\n<p>Purecab with ADXORB\u00ae Activated Carbon were the only filters to pass the standard and performed well beyond all others. Chemical adsorption was up to 11x greater and the filter&#8217;s effective life continued to perform well beyond the required standard.<\/p>\n\t\t\t\t\t<a href=\"#\"  id=\"fl-accordion--label-3\" tabindex=\"0\" aria-controls=\"fl-accordion--panel-3\">Mon filtre Purecab r\u00e9sistera-t-il \u00e0 des conditions difficiles ?<\/a>\n\t\t\t\t\t\t\t\t\t\t\t<a href=\"#\" id=\"fl-accordion--icon-3\"  tabindex=\"0\"><i title=\"Expand\">Expand<\/i><\/a>\n\t\t\t\t\t<p>Les filtres Purecab sont con\u00e7us pour durer toute une vie. Test\u00e9s et fabriqu\u00e9s par notre \u00e9quipe qualifi\u00e9e avec de l'aluminium r\u00e9sistant, ils r\u00e9sisteront \u00e0 de nombreuses saisons et conditions m\u00e9t\u00e9orologiques.<\/p>\n<p>Vos filtres Purecab peuvent \u00eatre r\u00e9utilis\u00e9s avec Recharge Kit ou un service de retour de recharge.<\/p>\n\t\t\t\t\t<a href=\"#\"  id=\"fl-accordion--label-4\" tabindex=\"0\" aria-controls=\"fl-accordion--panel-4\">Quand dois-je remplacer mon filtre Purecab ?<\/a>\n\t\t\t\t\t\t\t\t\t\t\t<a href=\"#\" id=\"fl-accordion--icon-4\"  tabindex=\"0\"><i title=\"Expand\">Expand<\/i><\/a>\n\t\t\t\t\t<p>Industry standards recommend chemical filter replacement every 12 months or 400 hours of use &#8211; whichever comes sooner.<\/p>\n<p>Diff\u00e9rents facteurs peuvent influer sur la dur\u00e9e de vie de votre filtre Purecab, tels que la temp\u00e9rature, la poussi\u00e8re, le type de produit chimique, les heures de pulv\u00e9risation et les conditions de stockage. Nous vous recommandons de v\u00e9rifier r\u00e9guli\u00e8rement l'usure des joints, l'empoussi\u00e8rement des tampons et l'\u00e2ge du filtre. Si la fen\u00eatre de sant\u00e9 du filtre indique que les billes ont chang\u00e9 de couleur et sont devenues violettes, il se peut que vous deviez remplacer le filtre.<\/p>\n<p>Don&#8217;t risk your health &#8211; contact us if you are unsure.<\/p>\n\t\t\t\t\t<a href=\"#\"  id=\"fl-accordion--label-5\" tabindex=\"0\" aria-controls=\"fl-accordion--panel-5\">Le filtre Purecab est-il bon pour l'environnement ?<\/a>\n\t\t\t\t\t\t\t\t\t\t\t<a href=\"#\" id=\"fl-accordion--icon-5\"  tabindex=\"0\"><i title=\"Expand\">Expand<\/i><\/a>\n\t\t\t\t\t<p>Votre filtre Purecab peut \u00eatre r\u00e9utilis\u00e9, ce qui signifie moins de d\u00e9chets. Nos mat\u00e9riaux r\u00e9sistants et notre conception r\u00e9utilisable vous permettent d'entretenir votre propre filtre Purecab avec un Recharge Kit, sinon vous pouvez nous envoyer votre filtre pour un service de recharge en retour.<\/p>\n<p>Nous soutenons le d\u00e9veloppement durable et sommes la premi\u00e8re marque mondiale \u00e0 proposer des filtres \u00e0 charbon actif enti\u00e8rement r\u00e9utilisables pour les cabines de tracteurs.<\/p>\n<p>Et surtout, la r\u00e9utilisation de votre filtre vous permettra d'\u00e9conomiser de l'argent et du temps.<\/p>\n\t\t\t\t\t<a href=\"#\"  id=\"fl-accordion--label-6\" tabindex=\"0\" aria-controls=\"fl-accordion--panel-6\">Comment dois-je ranger mon filtre lorsqu'il n'est pas utilis\u00e9 ?<\/a>\n\t\t\t\t\t\t\t\t\t\t\t<a href=\"#\" id=\"fl-accordion--icon-6\"  tabindex=\"0\"><i title=\"Expand\">Expand<\/i><\/a>\n\t\t\t\t\t<p>Votre filtre Purecab est emball\u00e9 sous vide pour prot\u00e9ger le charbon actif.<\/p>\n<p>Lorsqu'il n'est pas install\u00e9 dans votre tracteur, nous vous recommandons de stocker votre filtre dans un endroit frais et sec, \u00e0 l'abri des produits chimiques.<\/p>\n\t\t\t\t\t<a href=\"#\"  id=\"fl-accordion--label-7\" tabindex=\"0\" aria-controls=\"fl-accordion--panel-7\">Avez-vous des filtres pour d'autres mod\u00e8les de tracteurs ?<\/a>\n\t\t\t\t\t\t\t\t\t\t\t<a href=\"#\" id=\"fl-accordion--icon-7\"  tabindex=\"0\"><i title=\"Expand\">Expand<\/i><\/a>\n\t\t\t\t\t<p>Notre gamme de filtres s'\u00e9tend \u00e0 la plupart des marques et des mod\u00e8les. Nous disposons de mod\u00e8les datant de plus de 30 ans, pour les anciens tracteurs avec cabine.<\/p>\n<p>Lorsque les fabricants de tracteurs sortent de nouveaux mod\u00e8les, nous concevons et cr\u00e9ons avec soin un nouveau mod\u00e8le de filtre Purecab. La plupart du temps, nous sortons un nouveau filtre Purecab peu apr\u00e8s le lancement des mod\u00e8les de tracteurs. Notre gamme comprend des filtres pour les tracteurs, les engins de chantier, les VTT, les pulv\u00e9risateurs automoteurs et bien plus encore.<\/p>\n<p>Have a question about your tractor filter? Reach out to us, and we&#8217;ll help you find the perfect solution!<\/p>\n<h2>\n\t\t\t\u00c9conomisez jusqu'\u00e0 50% en rechargeant vos filtres Purecab\t<\/h2>\n\t\t\t<a href=\"\/fr\/contact\/\" target=\"_self\">\n\t\t\t\t\t\t\ten savoir plus\n\t\t\t\t\t<\/a>","protected":false},"excerpt":{"rendered":"<p>Why Purecab Filters making safer filters Purecab filters are the only carbon filters that pass industry standards EN15695-2 and ASABE S613-3 in recent independent testing. Our filters with ADXORB\u00ae Activated Carbon effectively removed up to 11x more chemicals than competitors. &nbsp; Purecab filters can be returned for fast reconditioning, where your filter is inspected and&hellip;<\/p>","protected":false},"author":1,"featured_media":0,"parent":0,"menu_order":0,"comment_status":"closed","ping_status":"closed","template":"","meta":{"_acf_changed":false,"_exactmetrics_skip_tracking":false,"_exactmetrics_sitenote_active":false,"_exactmetrics_sitenote_note":"","_exactmetrics_sitenote_category":0,"footnotes":""},"class_list":["post-123","page","type-page","status-publish","hentry"],"acf":[],"_links":{"self":[{"href":"https:\/\/purecab.com\/fr\/wp-json\/wp\/v2\/pages\/123","targetHints":{"allow":["GET"]}}],"collection":[{"href":"https:\/\/purecab.com\/fr\/wp-json\/wp\/v2\/pages"}],"about":[{"href":"https:\/\/purecab.com\/fr\/wp-json\/wp\/v2\/types\/page"}],"author":[{"embeddable":true,"href":"https:\/\/purecab.com\/fr\/wp-json\/wp\/v2\/users\/1"}],"replies":[{"embeddable":true,"href":"https:\/\/purecab.com\/fr\/wp-json\/wp\/v2\/comments?post=123"}],"version-history":[{"count":3,"href":"https:\/\/purecab.com\/fr\/wp-json\/wp\/v2\/pages\/123\/revisions"}],"predecessor-version":[{"id":50613,"href":"https:\/\/purecab.com\/fr\/wp-json\/wp\/v2\/pages\/123\/revisions\/50613"}],"wp:attachment":[{"href":"https:\/\/purecab.com\/fr\/wp-json\/wp\/v2\/media?parent=123"}],"curies":[{"name":"wp","href":"https:\/\/api.w.org\/{rel}","templated":true}]}}