{"id":63,"date":"2023-11-13T05:52:57","date_gmt":"2023-11-13T05:52:57","guid":{"rendered":"https:\/\/purecab.com\/?page_id=63"},"modified":"2026-03-03T03:09:33","modified_gmt":"2026-03-03T03:09:33","slug":"about-us","status":"publish","type":"page","link":"https:\/\/purecab.com\/es\/about-us","title":{"rendered":"Qui\u00e9nes somos"},"content":{"rendered":"<h1>\n\t\t\tQui\u00e9nes somos\t<\/h1>\n\t\t\t\t\t<a href=\"\"><img decoding=\"async\" src=\"https:\/\/i.vimeocdn.com\/portrait\/99061599_300x300?subrect=175%2C150%2C2703%2C2678&#038;r=cover&#038;sig=2c92200bbff9073e19811f6a8d8c77f7cbe5db3b9bdbbea908d416857e032ad8&#038;v=1&#038;region=us\"\/><\/a>\n\t\t\t\t\t\t\t<a href=\"\">Purecab &#8211; Trade show video<\/a>\n\t\t\t\t\t\t\tfrom  <a href=\"\">MotionByDesign<\/a>\n\t\t\t\t\t<img decoding=\"async\" src=\"https:\/\/purecab.com\/wp-content\/uploads\/2023\/12\/Purecab-Thumbnail.png\" alt=\"\"\/>\n\t\t\t\t<img decoding=\"async\" src=\"https:\/\/purecab.com\/wp-content\/uploads\/2023\/12\/Purecab-Filters.png\" alt=\"Purecab Filters\" itemprop=\"image\" title=\"Filtros Purecab\" onerror=\"this.style.display='none'\" loading=\"lazy\" \/>\n<h2>\n\t\t\tQui\u00e9nes somos Purecab\t<\/h2>\n\t<p>Desde 1988 Purecab ha sido el l\u00edder del mercado para proporcionar aire limpio en la cabina. Hemos desarrollado el proceso de filtraci\u00f3n de carbono m\u00e1s eficaz dentro de nuestros filtros de aire de cabina de tractor.<\/p>\n<p>&nbsp;<\/p>\n<p>Protegemos a agricultores de Australia, Nueva Zelanda, Norteam\u00e9rica, Reino Unido y Europa, y tambi\u00e9n tenemos clientes activos en todo el mundo. Purecab se ha forjado una reputaci\u00f3n como la marca a la que acudir cuando se busca filtraci\u00f3n de aire de cabina. Nuestros clientes son agricultores, concesionarios de tractores y equipos de servicio mec\u00e1nico, muchos de los cuales llevan d\u00e9cadas recurriendo a nosotros. Nuestra amplia gama de 1.400 filtros de habit\u00e1culo se adapta a marcas que van desde John Deere, New Holland, Fendt, Kubota, Class, Case y m\u00e1s.<\/p>\n<p>&nbsp;<\/p>\n<p>El equipo de Purecab trabaja constantemente en la mejora continua de nuestras normas y procesos, con el objetivo de ofrecer productos de la m\u00e1xima calidad y un servicio eficaz.<\/p>\n<h2>\n\t\t\t\ud83d\udd0d Filtrar b\u00fasqueda\t<\/h2>\n\t\t\t<a href=\"\/es\/tractor-brands\/\" target=\"_self\">\n\t\t\t\t\t\t\tBuscar mi filtro Purecab\n\t\t\t\t\t<\/a>\n<h3>\n\t\t\tDise\u00f1o y fabricaci\u00f3n\t<\/h3>\n\t<p>Dise\u00f1amos, probamos y producimos m\u00e1s de 1.400 filtros de habit\u00e1culo que se adaptan a la mayor\u00eda de los tractores del mercado agr\u00edcola, de la construcci\u00f3n y forestal.<\/p>\n<p>&nbsp;<\/p>\n<p>Nuestros filtros de carb\u00f3n utilizan carb\u00f3n activado ADXORB\u00ae, que ha sido especialmente formulado y ha demostrado ser el m\u00e1s eficaz disponible.<\/p>\n<p>&nbsp;<\/p>\n<p>Es importante destacar que los filtros Purecab son reutilizables. Una vez usados, puede devolver sus filtros a nuestras oficinas y nuestro experimentado equipo realizar\u00e1 un servicio completo de reacondicionamiento. Alternativamente, podemos proporcionar un Recharge Kit que permita a los agricultores realizar el mantenimiento de sus propios filtros Purecab.<\/p>\n<p>&nbsp;<\/p>\n<p>Durante m\u00e1s de 30 a\u00f1os hemos dise\u00f1ado y apoyado a agricultores de todo el mundo con nuestros filtros de cabina, y desarrollamos nuevos filtros a medida que se lanzan modelos de tractores. Utilizando materiales de fabricaci\u00f3n \u00fanicos y modernos hemos desarrollado filtros de cabina de todas las formas y tama\u00f1os, desde redondos, rectangulares y curvos, todos para asegurar un ajuste perfecto en la carcasa de su cabina OEM. Los filtros Purecab se construyen con una ventana de perlas indicadoras que proporciona una gu\u00eda f\u00e1cil de la salud del carb\u00f3n activado en el interior del filtro. Los filtros se sellan al vac\u00edo para garantizar su frescura y se embalan de forma segura para su entrega.<\/p>\n\t\t\t\t<img decoding=\"async\" src=\"https:\/\/purecab.com\/wp-content\/uploads\/2023\/11\/014de-scaled.jpg\" alt=\"Right,Side,Close-up,Of,A,Worker,Holding,A,Metal,Plate\" itemprop=\"image\" height=\"908\" width=\"2560\" title=\"Derecha,Lado,Primer,Plano,De,Un,Trabajador,Sujetando,Una,Placa,Met\u00e1lica\" onerror=\"this.style.display='none'\" loading=\"lazy\" \/>","protected":false},"excerpt":{"rendered":"<p>About Us Purecab &#8211; Trade show video from MotionByDesign Who are Purecab Since 1988 Purecab has been the market leader for providing clean cabin air. We have developed the most effective carbon filtration process within our tractor cabin air filters. &nbsp; We protect farmers across Australia, New Zealand, North America, UK, Europe and we also&hellip;<\/p>","protected":false},"author":1,"featured_media":0,"parent":0,"menu_order":0,"comment_status":"closed","ping_status":"closed","template":"","meta":{"_acf_changed":false,"_exactmetrics_skip_tracking":false,"_exactmetrics_sitenote_active":false,"_exactmetrics_sitenote_note":"","_exactmetrics_sitenote_category":0,"footnotes":""},"class_list":["post-63","page","type-page","status-publish","hentry"],"acf":[],"_links":{"self":[{"href":"https:\/\/purecab.com\/es\/wp-json\/wp\/v2\/pages\/63","targetHints":{"allow":["GET"]}}],"collection":[{"href":"https:\/\/purecab.com\/es\/wp-json\/wp\/v2\/pages"}],"about":[{"href":"https:\/\/purecab.com\/es\/wp-json\/wp\/v2\/types\/page"}],"author":[{"embeddable":true,"href":"https:\/\/purecab.com\/es\/wp-json\/wp\/v2\/users\/1"}],"replies":[{"embeddable":true,"href":"https:\/\/purecab.com\/es\/wp-json\/wp\/v2\/comments?post=63"}],"version-history":[{"count":3,"href":"https:\/\/purecab.com\/es\/wp-json\/wp\/v2\/pages\/63\/revisions"}],"predecessor-version":[{"id":50678,"href":"https:\/\/purecab.com\/es\/wp-json\/wp\/v2\/pages\/63\/revisions\/50678"}],"wp:attachment":[{"href":"https:\/\/purecab.com\/es\/wp-json\/wp\/v2\/media?parent=63"}],"curies":[{"name":"wp","href":"https:\/\/api.w.org\/{rel}","templated":true}]}}