{"id":123,"date":"2023-11-13T07:53:48","date_gmt":"2023-11-13T07:53:48","guid":{"rendered":"https:\/\/purecab.com\/?page_id=123"},"modified":"2025-12-18T04:10:58","modified_gmt":"2025-12-18T04:10:58","slug":"why-purecab-filters","status":"publish","type":"page","link":"https:\/\/purecab.com\/es\/why-purecab-filters","title":{"rendered":"Por qu\u00e9 los filtros Purecab"},"content":{"rendered":"<h1>\n\t\t\tPor qu\u00e9 los filtros Purecab\t<\/h1>\n<h2>\n\t\t\tfabricaci\u00f3n de filtros m\u00e1s seguros\t<\/h2>\n\t<p>Los filtros Purecab son los \u00fanicos filtros de carb\u00f3n que superan las normas del sector EN15695-2 y ASABE S613-3 en pruebas independientes recientes. Nuestros filtros con carb\u00f3n activado ADXORB\u00ae eliminan eficazmente hasta 11 veces m\u00e1s sustancias qu\u00edmicas que los de la competencia.<\/p>\n<p>&nbsp;<\/p>\n<p>Los filtros Purecab pueden devolverse para un reacondicionamiento r\u00e1pido, en el que se inspecciona el filtro y se sustituyen el carb\u00f3n, las almohadillas antipolvo, las juntas y el embalaje. Alternativamente, ofrecemos Recharge Kit, que permite a los agricultores reacondicionar sus propios filtros Purecab. Este proceso puede ahorrar hasta 50% del coste de compra de un filtro de carb\u00f3n nuevo.<\/p>\n<p>&nbsp;<\/p>\n<p>Durante m\u00e1s de 35 a\u00f1os hemos dise\u00f1ado y apoyado a agricultores de todo el mundo con nuestros filtros de cabina, y desarrollamos nuevos filtros a medida que se lanzan modelos de tractores. Utilizando materiales de fabricaci\u00f3n \u00fanicos y modernos, hemos desarrollado filtros de cabina de todas las formas y tama\u00f1os, desde redondos, rectangulares y curvos, todo ello para garantizar un ajuste perfecto en la carcasa de su cabina OEM.<\/p>\n<p>&nbsp;<\/p>\n<p>Los filtros Purecab se construyen con una ventana de Salud del Filtro que proporciona una gu\u00eda f\u00e1cil de la salud del carb\u00f3n activado dentro del filtro.<\/p>\n<p>&nbsp;<\/p>\n<p>Filters are supplied vacuum sealed for freshness, with a sticker included to place on your cabin window which lists the filter&#8217;s recommended replacement date.<\/p>\n<p>&nbsp;<\/p>\n<p>Purecab&#8217;s long serving team are committed to leading the industry worldwide in tractor cabin air safety.<\/p>\n\t\t\t<a href=\"\/es\/filter-search\/\" target=\"_self\">\n\t\t\t\t\t\t\tBuscar mi filtro Purecab\n\t\t\t\t\t<\/a>\n\t\t\t\t<img decoding=\"async\" src=\"https:\/\/purecab.com\/wp-content\/uploads\/2023\/11\/59127-scaled.jpg\" alt=\"Tractor,Sprays,Insecticide,In,Apple,Orchard\" itemprop=\"image\" height=\"1683\" width=\"2560\" title=\"Tractor,Pulverizador,Insecticida,En,Huerto,De,Manzanas\" onerror=\"this.style.display='none'\" loading=\"lazy\" \/>\n\t\t\t\t<img decoding=\"async\" src=\"https:\/\/purecab.com\/wp-content\/uploads\/2025\/01\/cropped-Purecab-Favicon-New.png\" alt=\"https:\/\/purecab-staging-brandupdate.nyg1r0.ap-southeast-2.wpstaqhosting.com\/wp-content\/uploads\/2025\/01\/cropped-Purecab-Favicon-New.png\" itemprop=\"image\" height=\"512\" width=\"512\" title=\"cropped-Purecab-Favicon-Nuevo.png\" onerror=\"this.style.display='none'\" loading=\"lazy\" \/>\n<h2>\n\t\t\tSe ha demostrado que adsorbe hasta <a>11X <\/a> m\u00e1s sustancias qu\u00edmicas que otros filtros de habit\u00e1culo:\t<\/h2>\n\t\t\t\t<img decoding=\"async\" src=\"https:\/\/purecab.com\/wp-content\/uploads\/2025\/09\/RED-ultrasafe-Graph-V2.png\" alt=\"RED-ultrasafe-Graph-V2\" itemprop=\"image\" height=\"600\" width=\"1080\" title=\"RED-ultrasafe-Graph-V2\" onerror=\"this.style.display='none'\" loading=\"lazy\" \/>\n\t<p>Pruebas realizadas en octubre de 2022 por Assay Technologies LLC<\/p>\n<h3>\n\t\t\tPURECAB FAQ&#8217;S\t<\/h3>\n\t\t\t\t\t<a href=\"#\"  id=\"fl-accordion--label-0\" tabindex=\"0\" aria-controls=\"fl-accordion--panel-0\">\u00bfPor qu\u00e9 necesito un filtro qu\u00edmico Purecab?<\/a>\n\t\t\t\t\t\t\t\t\t\t\t<a href=\"#\" id=\"fl-accordion--icon-0\"  tabindex=\"0\"><i title=\"Collapse\">Collapse<\/i><\/a>\n\t\t\t\t\t<p>Los filtros de polvo instalados de f\u00e1brica s\u00f3lo est\u00e1n dise\u00f1ados para capturar el polvo. Los vapores qu\u00edmicos seguir\u00e1n penetrando en el filtro de polvo, lo que significa que estar\u00e1 expuesto a productos qu\u00edmicos nocivos dentro de su cabina. Para garantizar la protecci\u00f3n en el interior de su cabina, s\u00f3lo un filtro de carb\u00f3n activado que cumpla todas las normas le proteger\u00e1. Los filtros qu\u00edmicos Purecab cumplen las normas internacionales y se colocan f\u00e1cilmente cuando encaja el filtro de polvo.<\/p>\n\t\t\t\t\t<a href=\"#\"  id=\"fl-accordion--label-1\" tabindex=\"0\" aria-controls=\"fl-accordion--panel-1\">\u00bfC\u00f3mo funciona un filtro de habit\u00e1culo Purecab?<\/a>\n\t\t\t\t\t\t\t\t\t\t\t<a href=\"#\" id=\"fl-accordion--icon-1\"  tabindex=\"0\"><i title=\"Expand\">Expand<\/i><\/a>\n\t\t\t\t\t<p>Los filtros Purecab est\u00e1n construidos con 3 barreras de protecci\u00f3n:<\/p>\n<ol>\n<li>Capa antipolvo, que atrapa las part\u00edculas de polvo<\/li>\n<li>Medio filtrante adherido de grado F7 80% eficaz a 4 micras para atrapar aerosoles qu\u00edmicos<\/li>\n<li>Un lecho profundo de Carb\u00f3n Activado ADXORB\u00ae, (la secci\u00f3n m\u00e1s importante), asegura que cualquier vapor qu\u00edmico da\u00f1ino que entre en el carb\u00f3n sea adsorbido, limpiando el aire antes de que entre en su cabina.<\/li>\n<\/ol>\n<p>Los filtros Purecab est\u00e1n fabricados con juntas externas del m\u00e1s alto nivel para garantizar que los productos qu\u00edmicos s\u00f3lo pasen a trav\u00e9s del carb\u00f3n activado.<\/p>\n<p>En uno de los extremos, los filtros Purecab incorporan una ventana exclusiva de salud del filtro que proporciona una gu\u00eda de la vida \u00fatil del filtro.<\/p>\n\t\t\t\t\t<a href=\"#\"  id=\"fl-accordion--label-2\" tabindex=\"0\" aria-controls=\"fl-accordion--panel-2\">\u00bfPor qu\u00e9 un filtro Purecab es mejor que otros?<\/a>\n\t\t\t\t\t\t\t\t\t\t\t<a href=\"#\" id=\"fl-accordion--icon-2\"  tabindex=\"0\"><i title=\"Expand\">Expand<\/i><\/a>\n\t\t\t\t\t<p>Purecab se enorgullece de utilizar carb\u00f3n activado ADXORB\u00ae en todos los filtros de aire de carb\u00f3n. ADXORB\u00ae ha sido probado y se ha demostrado que funciona significativamente mejor que otras opciones internacionales de carb\u00f3n activado disponibles. Dise\u00f1amos nuestros filtros Purecab para que contengan una capa de gr\u00e1nulos de carb\u00f3n activado firmemente empaquetados para garantizar que las sustancias qu\u00edmicas se capturen a medida que entran en el filtro.<\/p>\n<p>Independent lab testing has been performed on Purecab filters alongside other chemical filter brands. Testing was to the recognised industry standard ASABE S613-3 for tractor chemical cabins, where effective filtration performance to protect the operator&#8217;s health is critical.<\/p>\n<p>Los filtros Purecab superaron la norma ASABE S-613-3 de EE.UU. y fueron los \u00fanicos que la superaron. Los Purecab tambi\u00e9n han superado y se fabrican de acuerdo con la norma EN15695-2 para filtros de aire de cabina de tractores agr\u00edcolas y pulverizadores autopropulsados.<\/p>\n<p>Purecab with ADXORB\u00ae Activated Carbon were the only filters to pass the standard and performed well beyond all others. Chemical adsorption was up to 11x greater and the filter&#8217;s effective life continued to perform well beyond the required standard.<\/p>\n\t\t\t\t\t<a href=\"#\"  id=\"fl-accordion--label-3\" tabindex=\"0\" aria-controls=\"fl-accordion--panel-3\">\u00bfDurar\u00e1 mi filtro Purecab en condiciones dif\u00edciles?<\/a>\n\t\t\t\t\t\t\t\t\t\t\t<a href=\"#\" id=\"fl-accordion--icon-3\"  tabindex=\"0\"><i title=\"Expand\">Expand<\/i><\/a>\n\t\t\t\t\t<p>Los filtros Purecab est\u00e1n dise\u00f1ados para durar toda la vida. Probados y fabricados por nuestro cualificado equipo con aluminio resistente, durar\u00e1n muchas temporadas y condiciones meteorol\u00f3gicas.<\/p>\n<p>Sus filtros Purecab pueden reutilizarse de nuevo con Recharge Kit o con un servicio de Recarga de retorno.<\/p>\n\t\t\t\t\t<a href=\"#\"  id=\"fl-accordion--label-4\" tabindex=\"0\" aria-controls=\"fl-accordion--panel-4\">\u00bfCu\u00e1ndo tengo que cambiar el filtro Purecab?<\/a>\n\t\t\t\t\t\t\t\t\t\t\t<a href=\"#\" id=\"fl-accordion--icon-4\"  tabindex=\"0\"><i title=\"Expand\">Expand<\/i><\/a>\n\t\t\t\t\t<p>Industry standards recommend chemical filter replacement every 12 months or 400 hours of use &#8211; whichever comes sooner.<\/p>\n<p>Diversos factores pueden afectar a la vida \u00fatil de su filtro Purecab, como la temperatura, el polvo, el tipo de producto qu\u00edmico, las horas de pulverizaci\u00f3n y las condiciones de almacenamiento. Le recomendamos que compruebe peri\u00f3dicamente si las juntas est\u00e1n desgastadas, si las almohadillas tienen polvo y si el filtro es antiguo. Si la ventana de estado del filtro muestra que las perlas han dejado de ser de color p\u00farpura, es posible que deba sustituir el filtro.<\/p>\n<p>Don&#8217;t risk your health &#8211; contact us if you are unsure.<\/p>\n\t\t\t\t\t<a href=\"#\"  id=\"fl-accordion--label-5\" tabindex=\"0\" aria-controls=\"fl-accordion--panel-5\">\u00bfEs bueno para el medio ambiente el filtro Purecab?<\/a>\n\t\t\t\t\t\t\t\t\t\t\t<a href=\"#\" id=\"fl-accordion--icon-5\"  tabindex=\"0\"><i title=\"Expand\">Expand<\/i><\/a>\n\t\t\t\t\t<p>Su filtro Purecab puede reutilizarse, lo que significa menos residuos. Nuestros materiales resistentes y dise\u00f1o reutilizable le permiten reparar su propio filtro Purecab con un Recharge Kit, o bien puede enviarnos su filtro para un servicio de Recarga de retorno.<\/p>\n<p>Apoyamos la sostenibilidad y somos la marca l\u00edder mundial en ofrecer filtros de carb\u00f3n activado totalmente reutilizables para cabinas de tractores.<\/p>\n<p>Y lo que es m\u00e1s importante, reutilizar el filtro le ahorrar\u00e1 dinero y tiempo.<\/p>\n\t\t\t\t\t<a href=\"#\"  id=\"fl-accordion--label-6\" tabindex=\"0\" aria-controls=\"fl-accordion--panel-6\">\u00bfC\u00f3mo guardo el filtro cuando no lo uso?<\/a>\n\t\t\t\t\t\t\t\t\t\t\t<a href=\"#\" id=\"fl-accordion--icon-6\"  tabindex=\"0\"><i title=\"Expand\">Expand<\/i><\/a>\n\t\t\t\t\t<p>Su filtro Purecab est\u00e1 envasado al vac\u00edo para proteger el carb\u00f3n activo.<\/p>\n<p>Cuando no est\u00e9 instalado en su tractor, le recomendamos que guarde el filtro en un lugar fresco, seco y alejado de productos qu\u00edmicos.<\/p>\n\t\t\t\t\t<a href=\"#\"  id=\"fl-accordion--label-7\" tabindex=\"0\" aria-controls=\"fl-accordion--panel-7\">\u00bfTienen filtros para otros modelos de tractores?<\/a>\n\t\t\t\t\t\t\t\t\t\t\t<a href=\"#\" id=\"fl-accordion--icon-7\"  tabindex=\"0\"><i title=\"Expand\">Expand<\/i><\/a>\n\t\t\t\t\t<p>Nuestra gama de filtros se extiende a la mayor\u00eda de marcas y modelos. Disponemos de modelos de hace m\u00e1s de 30 a\u00f1os, para tractores antiguos con cabina.<\/p>\n<p>A medida que los fabricantes de tractores lanzan nuevos modelos, dise\u00f1amos y creamos cuidadosamente un nuevo modelo de filtro Purecab. En la mayor\u00eda de los casos, lanzamos un nuevo filtro Purecab poco despu\u00e9s del lanzamiento de los modelos de tractores. Nuestra gama incluye filtros para tractores, equipos de construcci\u00f3n, ATV, pulverizadores autopropulsados y mucho m\u00e1s.<\/p>\n<p>Have a question about your tractor filter? Reach out to us, and we&#8217;ll help you find the perfect solution!<\/p>\n<h2>\n\t\t\tAhorra hasta 50% recargando tus filtros Purecab\t<\/h2>\n\t\t\t<a href=\"\/es\/contact\/\" target=\"_self\">\n\t\t\t\t\t\t\tM\u00e1s informaci\u00f3n\n\t\t\t\t\t<\/a>","protected":false},"excerpt":{"rendered":"<p>Why Purecab Filters making safer filters Purecab filters are the only carbon filters that pass industry standards EN15695-2 and ASABE S613-3 in recent independent testing. Our filters with ADXORB\u00ae Activated Carbon effectively removed up to 11x more chemicals than competitors. &nbsp; Purecab filters can be returned for fast reconditioning, where your filter is inspected and&hellip;<\/p>","protected":false},"author":1,"featured_media":0,"parent":0,"menu_order":0,"comment_status":"closed","ping_status":"closed","template":"","meta":{"_acf_changed":false,"_exactmetrics_skip_tracking":false,"_exactmetrics_sitenote_active":false,"_exactmetrics_sitenote_note":"","_exactmetrics_sitenote_category":0,"footnotes":""},"class_list":["post-123","page","type-page","status-publish","hentry"],"acf":[],"_links":{"self":[{"href":"https:\/\/purecab.com\/es\/wp-json\/wp\/v2\/pages\/123","targetHints":{"allow":["GET"]}}],"collection":[{"href":"https:\/\/purecab.com\/es\/wp-json\/wp\/v2\/pages"}],"about":[{"href":"https:\/\/purecab.com\/es\/wp-json\/wp\/v2\/types\/page"}],"author":[{"embeddable":true,"href":"https:\/\/purecab.com\/es\/wp-json\/wp\/v2\/users\/1"}],"replies":[{"embeddable":true,"href":"https:\/\/purecab.com\/es\/wp-json\/wp\/v2\/comments?post=123"}],"version-history":[{"count":3,"href":"https:\/\/purecab.com\/es\/wp-json\/wp\/v2\/pages\/123\/revisions"}],"predecessor-version":[{"id":50613,"href":"https:\/\/purecab.com\/es\/wp-json\/wp\/v2\/pages\/123\/revisions\/50613"}],"wp:attachment":[{"href":"https:\/\/purecab.com\/es\/wp-json\/wp\/v2\/media?parent=123"}],"curies":[{"name":"wp","href":"https:\/\/api.w.org\/{rel}","templated":true}]}}