{"id":63,"date":"2023-11-13T05:52:57","date_gmt":"2023-11-13T05:52:57","guid":{"rendered":"https:\/\/purecab.com\/?page_id=63"},"modified":"2026-03-03T03:09:33","modified_gmt":"2026-03-03T03:09:33","slug":"about-us","status":"publish","type":"page","link":"https:\/\/purecab.com\/de\/about-us","title":{"rendered":"\u00dcber uns"},"content":{"rendered":"<h1>\n\t\t\t\u00dcber uns\t<\/h1>\n\t\t\t\t\t<a href=\"\"><img decoding=\"async\" src=\"https:\/\/i.vimeocdn.com\/portrait\/99061599_300x300?subrect=175%2C150%2C2703%2C2678&#038;r=cover&#038;sig=2c92200bbff9073e19811f6a8d8c77f7cbe5db3b9bdbbea908d416857e032ad8&#038;v=1&#038;region=us\"\/><\/a>\n\t\t\t\t\t\t\t<a href=\"\">Purecab &#8211; Trade show video<\/a>\n\t\t\t\t\t\t\tfrom  <a href=\"\">MotionByDesign<\/a>\n\t\t\t\t\t<img decoding=\"async\" src=\"https:\/\/purecab.com\/wp-content\/uploads\/2023\/12\/Purecab-Thumbnail.png\" alt=\"\"\/>\n\t\t\t\t<img decoding=\"async\" src=\"https:\/\/purecab.com\/wp-content\/uploads\/2023\/12\/Purecab-Filters.png\" alt=\"Purecab Filters\" itemprop=\"image\" title=\"Purecab-Filter\" onerror=\"this.style.display='none'\" loading=\"lazy\" \/>\n<h2>\n\t\t\tWer sind Purecab\t<\/h2>\n\t<p>Seit 1988 ist Purecab der Marktf\u00fchrer f\u00fcr saubere Innenraumluft. Wir haben das effektivste Kohlefilterverfahren f\u00fcr unsere Traktor-Innenraumfilter entwickelt.<\/p>\n<p>&nbsp;<\/p>\n<p>Wir sch\u00fctzen Landwirte in Australien, Neuseeland, Nordamerika, dem Vereinigten K\u00f6nigreich und Europa, und wir haben auch aktive Kunden in der ganzen Welt. Purecab hat sich den Ruf erarbeitet, die erste Adresse zu sein, wenn es um die Filtration der Innenraumluft geht. Unsere Kunden sind Landwirte, Traktorh\u00e4ndler und mechanische Serviceteams, von denen viele schon seit Jahrzehnten zu uns zur\u00fcckkehren. Unser umfangreiches Sortiment von 1.400 Innenraumfiltern passt zu Marken wie John Deere, New Holland, Fendt, Kubota, Class, Case und anderen.<\/p>\n<p>&nbsp;<\/p>\n<p>Das Team von Purecab arbeitet st\u00e4ndig an der kontinuierlichen Verbesserung unserer Standards und Prozesse, mit dem Ziel, Produkte h\u00f6chster Qualit\u00e4t und einen effizienten Service zu liefern.<\/p>\n<h2>\n\t\t\t\ud83d\udd0d Filter Suche\t<\/h2>\n\t\t\t<a href=\"\/de\/tractor-brands\/\" target=\"_self\">\n\t\t\t\t\t\t\tMeinen Purecab-Filter finden\n\t\t\t\t\t<\/a>\n<h3>\n\t\t\tEntwurf und Herstellung\t<\/h3>\n\t<p>Wir entwickeln, testen und produzieren \u00fcber 1.400 Innenraumfilter f\u00fcr die meisten Traktoren in der Land-, Bau- und Forstwirtschaft.<\/p>\n<p>&nbsp;<\/p>\n<p>Unsere Aktivkohlefilter verwenden ADXORB\u00ae-Aktivkohle, die speziell formuliert wurde und sich als die effektivste auf dem Markt erwiesen hat.<\/p>\n<p>&nbsp;<\/p>\n<p>Wichtig ist, dass die Purecab-Filter wiederverwendbar sind. Nach dem Gebrauch k\u00f6nnen Sie Ihre Filter an unsere Niederlassungen zur\u00fccksenden, und unser erfahrenes Team f\u00fchrt eine vollst\u00e4ndige Wiederaufbereitung durch. Alternativ k\u00f6nnen wir einen Recharge Kit liefern, mit dem die Landwirte ihre eigenen Purecab-Filter warten k\u00f6nnen.<\/p>\n<p>&nbsp;<\/p>\n<p>Seit \u00fcber 30 Jahren entwickeln und unterst\u00fctzen wir Landwirte auf der ganzen Welt mit unseren Innenraumfiltern, und wir entwickeln neue Filter, sobald neue Traktormodelle auf den Markt kommen. Unter Verwendung einzigartiger und moderner Fertigungsmaterialien haben wir Innenraumfilter in allen Formen und Gr\u00f6\u00dfen entwickelt, von rund \u00fcber rechteckig bis hin zu gew\u00f6lbt, um einen perfekten Sitz in Ihrem OEM-Kabinengeh\u00e4use zu gew\u00e4hrleisten. Purecab-Filter sind mit einem Indikator-Perlenfenster ausgestattet, das einen einfachen Hinweis auf den Zustand der Aktivkohle im Inneren des Filters gibt. Die Filter werden vakuumversiegelt, um die Frische zu gew\u00e4hrleisten, und f\u00fcr die Lieferung sicher verpackt.<\/p>\n\t\t\t\t<img decoding=\"async\" src=\"https:\/\/purecab.com\/wp-content\/uploads\/2023\/11\/014de-scaled.jpg\" alt=\"Right,Side,Close-up,Of,A,Worker,Holding,A,Metal,Plate\" itemprop=\"image\" height=\"908\" width=\"2560\" title=\"Rechts,Seite,Nahaufnahme,eines,Arbeiters,der,eine,Metallplatte,h\u00e4lt\" onerror=\"this.style.display='none'\" loading=\"lazy\" \/>","protected":false},"excerpt":{"rendered":"<p>About Us Purecab &#8211; Trade show video from MotionByDesign Who are Purecab Since 1988 Purecab has been the market leader for providing clean cabin air. We have developed the most effective carbon filtration process within our tractor cabin air filters. &nbsp; We protect farmers across Australia, New Zealand, North America, UK, Europe and we also&hellip;<\/p>","protected":false},"author":1,"featured_media":0,"parent":0,"menu_order":0,"comment_status":"closed","ping_status":"closed","template":"","meta":{"_acf_changed":false,"_exactmetrics_skip_tracking":false,"_exactmetrics_sitenote_active":false,"_exactmetrics_sitenote_note":"","_exactmetrics_sitenote_category":0,"footnotes":""},"class_list":["post-63","page","type-page","status-publish","hentry"],"acf":[],"_links":{"self":[{"href":"https:\/\/purecab.com\/de\/wp-json\/wp\/v2\/pages\/63","targetHints":{"allow":["GET"]}}],"collection":[{"href":"https:\/\/purecab.com\/de\/wp-json\/wp\/v2\/pages"}],"about":[{"href":"https:\/\/purecab.com\/de\/wp-json\/wp\/v2\/types\/page"}],"author":[{"embeddable":true,"href":"https:\/\/purecab.com\/de\/wp-json\/wp\/v2\/users\/1"}],"replies":[{"embeddable":true,"href":"https:\/\/purecab.com\/de\/wp-json\/wp\/v2\/comments?post=63"}],"version-history":[{"count":3,"href":"https:\/\/purecab.com\/de\/wp-json\/wp\/v2\/pages\/63\/revisions"}],"predecessor-version":[{"id":50678,"href":"https:\/\/purecab.com\/de\/wp-json\/wp\/v2\/pages\/63\/revisions\/50678"}],"wp:attachment":[{"href":"https:\/\/purecab.com\/de\/wp-json\/wp\/v2\/media?parent=63"}],"curies":[{"name":"wp","href":"https:\/\/api.w.org\/{rel}","templated":true}]}}