{"id":123,"date":"2023-11-13T07:53:48","date_gmt":"2023-11-13T07:53:48","guid":{"rendered":"https:\/\/purecab.com\/?page_id=123"},"modified":"2025-12-18T04:10:58","modified_gmt":"2025-12-18T04:10:58","slug":"why-purecab-filters","status":"publish","type":"page","link":"https:\/\/purecab.com\/de\/why-purecab-filters","title":{"rendered":"Warum Purecab-Filter"},"content":{"rendered":"<h1>\n\t\t\tWarum Purecab-Filter\t<\/h1>\n<h2>\n\t\t\tSicherere Filter herstellen\t<\/h2>\n\t<p>Purecab-Filter sind die einzigen Aktivkohlefilter, die die Industrienormen EN15695-2 und ASABE S613-3 in j\u00fcngsten unabh\u00e4ngigen Tests bestanden haben. Unsere Filter mit ADXORB\u00ae-Aktivkohle entfernen effektiv bis zu 11-mal mehr Chemikalien als die der Konkurrenz.<\/p>\n<p>&nbsp;<\/p>\n<p>Purecab-Filter k\u00f6nnen zur schnellen Wiederaufbereitung zur\u00fcckgeschickt werden. Dabei wird Ihr Filter inspiziert und die Kohle, die Staubpolster, die Dichtungen und die Verpackung werden ausgetauscht; anschlie\u00dfend erhalten Sie den Filter zur Wiederverwendung zur\u00fcck. Alternativ bieten wir Recharge Kits an, mit denen Landwirte ihre eigenen Purecab-Filter wiederaufbereiten k\u00f6nnen. Mit diesem Verfahren k\u00f6nnen bis zu 50% der Kosten f\u00fcr den Kauf eines neuen Kohlefilters eingespart werden.<\/p>\n<p>&nbsp;<\/p>\n<p>Seit \u00fcber 35 Jahren entwickeln und unterst\u00fctzen wir Landwirte auf der ganzen Welt mit unseren Innenraumfiltern, und wir entwickeln neue Filter, sobald neue Traktormodelle auf den Markt kommen. Unter Verwendung einzigartiger und moderner Fertigungsmaterialien haben wir Innenraumfilter in allen Formen und Gr\u00f6\u00dfen entwickelt, von rund \u00fcber rechteckig bis hin zu gew\u00f6lbt, um einen perfekten Sitz in Ihrem OEM-Kabinengeh\u00e4use zu gew\u00e4hrleisten.<\/p>\n<p>&nbsp;<\/p>\n<p>Die Purecab-Filter sind mit einem Filter Health-Fenster ausgestattet, das einen einfachen \u00dcberblick \u00fcber den Zustand der Aktivkohle im Filter bietet.<\/p>\n<p>&nbsp;<\/p>\n<p>Filters are supplied vacuum sealed for freshness, with a sticker included to place on your cabin window which lists the filter&#8217;s recommended replacement date.<\/p>\n<p>&nbsp;<\/p>\n<p>Purecab&#8217;s long serving team are committed to leading the industry worldwide in tractor cabin air safety.<\/p>\n\t\t\t<a href=\"\/de\/filter-search\/\" target=\"_self\">\n\t\t\t\t\t\t\tMeinen Purecab-Filter finden\n\t\t\t\t\t<\/a>\n\t\t\t\t<img decoding=\"async\" src=\"https:\/\/purecab.com\/wp-content\/uploads\/2023\/11\/59127-scaled.jpg\" alt=\"Tractor,Sprays,Insecticide,In,Apple,Orchard\" itemprop=\"image\" height=\"1683\" width=\"2560\" title=\"Traktor,spr\u00fcht,Insektizid,in,Apfel,Obstgarten\" onerror=\"this.style.display='none'\" loading=\"lazy\" \/>\n\t\t\t\t<img decoding=\"async\" src=\"https:\/\/purecab.com\/wp-content\/uploads\/2025\/01\/cropped-Purecab-Favicon-New.png\" alt=\"https:\/\/purecab-staging-brandupdate.nyg1r0.ap-southeast-2.wpstaqhosting.com\/wp-content\/uploads\/2025\/01\/cropped-Purecab-Favicon-New.png\" itemprop=\"image\" height=\"512\" width=\"512\" title=\"beschnitten-Purecab-Favicon-Neu.png\" onerror=\"this.style.display='none'\" loading=\"lazy\" \/>\n<h2>\n\t\t\tAdsorbiert nachweislich bis zu <a>11X <\/a> mehr Chemikalien als andere Innenraumfilter:\t<\/h2>\n\t\t\t\t<img decoding=\"async\" src=\"https:\/\/purecab.com\/wp-content\/uploads\/2025\/09\/RED-ultrasafe-Graph-V2.png\" alt=\"RED-ultrasafe-Graph-V2\" itemprop=\"image\" height=\"600\" width=\"1080\" title=\"RED-ultrasafe-Graph-V2\" onerror=\"this.style.display='none'\" loading=\"lazy\" \/>\n\t<p>Die Tests wurden im Oktober 2022 von Assay Technologies LLC durchgef\u00fchrt.<\/p>\n<h3>\n\t\t\tPURECAB FAQ&#8217;S\t<\/h3>\n\t\t\t\t\t<a href=\"#\"  id=\"fl-accordion--label-0\" tabindex=\"0\" aria-controls=\"fl-accordion--panel-0\">Warum brauche ich einen chemischen Filter Purecab?<\/a>\n\t\t\t\t\t\t\t\t\t\t\t<a href=\"#\" id=\"fl-accordion--icon-0\"  tabindex=\"0\"><i title=\"Collapse\">Collapse<\/i><\/a>\n\t\t\t\t\t<p>Die werkseitig eingebauten Staubfilter sind nur f\u00fcr das Auffangen von Staub ausgelegt. Chemische D\u00e4mpfe durchdringen dennoch den Staubfilter, so dass Sie in Ihrer Kabine sch\u00e4dlichen Chemikalien ausgesetzt sind. Um den Schutz in Ihrer Kabine zu gew\u00e4hrleisten, k\u00f6nnen Sie sich nur mit einem Aktivkohlefilter sch\u00fctzen, der den Vorschriften entspricht. Die Purecab-Chemiefilter entsprechen den internationalen Normen und lassen sich leicht einsetzen, wenn Ihr Staubfilter passt.<\/p>\n\t\t\t\t\t<a href=\"#\"  id=\"fl-accordion--label-1\" tabindex=\"0\" aria-controls=\"fl-accordion--panel-1\">Wie funktioniert ein Purecab-Innenraumfilter?<\/a>\n\t\t\t\t\t\t\t\t\t\t\t<a href=\"#\" id=\"fl-accordion--icon-1\"  tabindex=\"0\"><i title=\"Expand\">Expand<\/i><\/a>\n\t\t\t\t\t<p>Die Purecab-Filter sind mit 3 Schutzbarrieren ausgestattet:<\/p>\n<ol>\n<li>Staubpolsterschicht, die Staubpartikel auff\u00e4ngt<\/li>\n<li>Gebundene Filtermedien der G\u00fcteklasse F7 80% mit einer Filterfeinheit von 4 Mikrometern zum Abfangen chemischer Aerosole<\/li>\n<li>Ein tiefes Bett aus ADXORB\u00ae-Aktivkohle (der wichtigste Teil) sorgt daf\u00fcr, dass alle sch\u00e4dlichen chemischen D\u00e4mpfe, die in die Kohle eindringen, adsorbiert werden und die Luft gereinigt wird, bevor sie in Ihre Kabine gelangt.<\/li>\n<\/ol>\n<p>Purecab-Filter werden mit dem h\u00f6chsten Standard an externen Dichtungen hergestellt, um sicherzustellen, dass Chemikalien nur durch die Aktivkohle gelangen.<\/p>\n<p>Auf der einen Seite verf\u00fcgen die Purecab-Filter \u00fcber ein einzigartiges \"Filter Health\"-Fenster, das einen Hinweis auf die Lebensdauer des Filters gibt.<\/p>\n\t\t\t\t\t<a href=\"#\"  id=\"fl-accordion--label-2\" tabindex=\"0\" aria-controls=\"fl-accordion--panel-2\">Warum ist ein Purecab-Filter besser als andere?<\/a>\n\t\t\t\t\t\t\t\t\t\t\t<a href=\"#\" id=\"fl-accordion--icon-2\"  tabindex=\"0\"><i title=\"Expand\">Expand<\/i><\/a>\n\t\t\t\t\t<p>Purecab ist stolz darauf, ADXORB\u00ae-Aktivkohle in allen Kohleluftfiltern zu verwenden. ADXORB\u00ae wurde getestet und hat bewiesen, dass es deutlich besser funktioniert als andere international erh\u00e4ltliche Aktivkohleoptionen. Wir konstruieren unsere Purecab-Filter so, dass sie eine Schicht aus Aktivkohlegranulat enthalten, die dicht gepackt ist, um sicherzustellen, dass die Chemikalien beim Eintritt in den Filter aufgefangen werden.<\/p>\n<p>Independent lab testing has been performed on Purecab filters alongside other chemical filter brands. Testing was to the recognised industry standard ASABE S613-3 for tractor chemical cabins, where effective filtration performance to protect the operator&#8217;s health is critical.<\/p>\n<p>Purecab-Filter \u00fcbertrafen die ASABE S-613-3-Norm der USA und waren der einzige Filter, der die PASS-Norm erf\u00fcllte. Purecab hat auch die Norm EN15695-2 f\u00fcr Innenraumfilter f\u00fcr landwirtschaftliche Traktoren und selbstfahrende Spr\u00fchger\u00e4te bestanden und wird entsprechend hergestellt.<\/p>\n<p>Purecab with ADXORB\u00ae Activated Carbon were the only filters to pass the standard and performed well beyond all others. Chemical adsorption was up to 11x greater and the filter&#8217;s effective life continued to perform well beyond the required standard.<\/p>\n\t\t\t\t\t<a href=\"#\"  id=\"fl-accordion--label-3\" tabindex=\"0\" aria-controls=\"fl-accordion--panel-3\">H\u00e4lt mein Purecab-Filter auch unter schwierigen Bedingungen?<\/a>\n\t\t\t\t\t\t\t\t\t\t\t<a href=\"#\" id=\"fl-accordion--icon-3\"  tabindex=\"0\"><i title=\"Expand\">Expand<\/i><\/a>\n\t\t\t\t\t<p>Purecab-Filter sind so konzipiert, dass sie ein Leben lang halten. Getestet und gebaut von unserem qualifizierten Team aus robustem Aluminium werden sie viele Jahreszeiten und Wetterbedingungen \u00fcberstehen.<\/p>\n<p>Ihre Purecab-Filter k\u00f6nnen mit Recharge Kit oder einem Return-Refill-Service wiederverwendet werden.<\/p>\n\t\t\t\t\t<a href=\"#\"  id=\"fl-accordion--label-4\" tabindex=\"0\" aria-controls=\"fl-accordion--panel-4\">Wann muss ich meinen Purecab-Filter ersetzen?<\/a>\n\t\t\t\t\t\t\t\t\t\t\t<a href=\"#\" id=\"fl-accordion--icon-4\"  tabindex=\"0\"><i title=\"Expand\">Expand<\/i><\/a>\n\t\t\t\t\t<p>Industry standards recommend chemical filter replacement every 12 months or 400 hours of use &#8211; whichever comes sooner.<\/p>\n<p>Verschiedene Faktoren k\u00f6nnen sich auf die Lebensdauer Ihres Purecab-Filters auswirken, z. B. Temperatur, Staub, Art der Chemikalien, Betriebsstunden und Lagerbedingungen. Wir empfehlen Ihnen, regelm\u00e4\u00dfig auf verschlissene Dichtungen, verstaubte Matten und das Alter des Filters zu pr\u00fcfen. Wenn Ihr Filter Health-Fenster anzeigt, dass sich die Farbe der Perlen von lila ver\u00e4ndert hat, m\u00fcssen Sie den Filter m\u00f6glicherweise austauschen.<\/p>\n<p>Don&#8217;t risk your health &#8211; contact us if you are unsure.<\/p>\n\t\t\t\t\t<a href=\"#\"  id=\"fl-accordion--label-5\" tabindex=\"0\" aria-controls=\"fl-accordion--panel-5\">Ist der Purecab-Filter gut f\u00fcr die Umwelt?<\/a>\n\t\t\t\t\t\t\t\t\t\t\t<a href=\"#\" id=\"fl-accordion--icon-5\"  tabindex=\"0\"><i title=\"Expand\">Expand<\/i><\/a>\n\t\t\t\t\t<p>Ihr Purecab-Filter kann wiederverwendet werden, was weniger Abfall bedeutet. Unsere robusten Materialien und das wiederverwendbare Design erm\u00f6glichen es Ihnen, Ihren eigenen Purecab-Filter mit einem Recharge Kit zu warten, andernfalls k\u00f6nnen Sie Ihren Filter f\u00fcr einen Return-Refill-Service an uns schicken.<\/p>\n<p>Wir unterst\u00fctzen Nachhaltigkeit und sind die weltweit f\u00fchrende Marke, die vollst\u00e4ndig wiederverwendbare Aktivkohlefilter f\u00fcr Traktorkabinen anbietet.<\/p>\n<p>Und vor allem sparen Sie durch die Wiederverwendung Ihres Filters Geld und Zeit.<\/p>\n\t\t\t\t\t<a href=\"#\"  id=\"fl-accordion--label-6\" tabindex=\"0\" aria-controls=\"fl-accordion--panel-6\">Wie bewahre ich meinen Filter auf, wenn er nicht benutzt wird?<\/a>\n\t\t\t\t\t\t\t\t\t\t\t<a href=\"#\" id=\"fl-accordion--icon-6\"  tabindex=\"0\"><i title=\"Expand\">Expand<\/i><\/a>\n\t\t\t\t\t<p>Ihr Purecab-Filter ist in einer vakuumversiegelten Verpackung verpackt, um die Aktivkohle zu sch\u00fctzen.<\/p>\n<p>Wenn Sie den Filter nicht in Ihren Traktor einbauen, empfehlen wir Ihnen, ihn an einem k\u00fchlen, trockenen Ort zu lagern und von Chemikalien fernzuhalten.<\/p>\n\t\t\t\t\t<a href=\"#\"  id=\"fl-accordion--label-7\" tabindex=\"0\" aria-controls=\"fl-accordion--panel-7\">Haben Sie auch Filter f\u00fcr andere Traktormodelle?<\/a>\n\t\t\t\t\t\t\t\t\t\t\t<a href=\"#\" id=\"fl-accordion--icon-7\"  tabindex=\"0\"><i title=\"Expand\">Expand<\/i><\/a>\n\t\t\t\t\t<p>Unser Filtersortiment deckt die meisten Marken und Modelle ab. Wir haben Modelle, die \u00fcber 30 Jahre alt sind, f\u00fcr \u00e4ltere Traktoren mit Kabinen.<\/p>\n<p>Wenn Traktorhersteller neue Modelle auf den Markt bringen, entwickeln wir sorgf\u00e4ltig ein neues Purecab-Filtermodell. Meistens bringen wir einen neuen Purecab-Filter kurz nach der Markteinf\u00fchrung eines neuen Traktormodells heraus. Unser Sortiment umfasst Filter f\u00fcr Traktoren, Baumaschinen, ATVs, selbstfahrende Spritzger\u00e4te und mehr.<\/p>\n<p>Have a question about your tractor filter? Reach out to us, and we&#8217;ll help you find the perfect solution!<\/p>\n<h2>\n\t\t\tSparen Sie bis zu 50% durch das Wiederaufladen Ihrer Purecab-Filter\t<\/h2>\n\t\t\t<a href=\"\/de\/contact\/\" target=\"_self\">\n\t\t\t\t\t\t\tmehr erfahren\n\t\t\t\t\t<\/a>","protected":false},"excerpt":{"rendered":"<p>Why Purecab Filters making safer filters Purecab filters are the only carbon filters that pass industry standards EN15695-2 and ASABE S613-3 in recent independent testing. Our filters with ADXORB\u00ae Activated Carbon effectively removed up to 11x more chemicals than competitors. &nbsp; Purecab filters can be returned for fast reconditioning, where your filter is inspected and&hellip;<\/p>","protected":false},"author":1,"featured_media":0,"parent":0,"menu_order":0,"comment_status":"closed","ping_status":"closed","template":"","meta":{"_acf_changed":false,"_exactmetrics_skip_tracking":false,"_exactmetrics_sitenote_active":false,"_exactmetrics_sitenote_note":"","_exactmetrics_sitenote_category":0,"footnotes":""},"class_list":["post-123","page","type-page","status-publish","hentry"],"acf":[],"_links":{"self":[{"href":"https:\/\/purecab.com\/de\/wp-json\/wp\/v2\/pages\/123","targetHints":{"allow":["GET"]}}],"collection":[{"href":"https:\/\/purecab.com\/de\/wp-json\/wp\/v2\/pages"}],"about":[{"href":"https:\/\/purecab.com\/de\/wp-json\/wp\/v2\/types\/page"}],"author":[{"embeddable":true,"href":"https:\/\/purecab.com\/de\/wp-json\/wp\/v2\/users\/1"}],"replies":[{"embeddable":true,"href":"https:\/\/purecab.com\/de\/wp-json\/wp\/v2\/comments?post=123"}],"version-history":[{"count":3,"href":"https:\/\/purecab.com\/de\/wp-json\/wp\/v2\/pages\/123\/revisions"}],"predecessor-version":[{"id":50613,"href":"https:\/\/purecab.com\/de\/wp-json\/wp\/v2\/pages\/123\/revisions\/50613"}],"wp:attachment":[{"href":"https:\/\/purecab.com\/de\/wp-json\/wp\/v2\/media?parent=123"}],"curies":[{"name":"wp","href":"https:\/\/api.w.org\/{rel}","templated":true}]}}